{"id":8770,"date":"2021-09-21T09:50:06","date_gmt":"2021-09-21T09:50:06","guid":{"rendered":"https:\/\/detskijmir.lv\/?post_type=product&#038;p=8770"},"modified":"2025-06-01T23:35:01","modified_gmt":"2025-06-01T23:35:01","slug":"konstruktors-bakoba-imagimals-peng-whal","status":"publish","type":"product","link":"https:\/\/detskijmir.lv\/lv\/product\/konstruktors-bakoba-imagimals-peng-whal\/","title":{"rendered":"Konstruktors BAKOBA IMAGIMALS PENG-WHAL"},"content":{"rendered":"<p>IMAGIMALS 3 IN 1 <\/p>\n<p> Deta\u013cas:\u00a010 <\/p>\n<p> *STEM:\u00a0BAKOBA ir sertific\u0113ta STEM k\u0101 izgl\u012btojo\u0161a rota\u013clieta, kas uzlabo b\u0113rnu kust\u012bbas un rado\u0161umu. <\/p>\n<p> *Uztur\u0113t t\u012bru:\u00a0sp\u0113l\u0113jiet \u016bden\u012b un mazg\u0101jiet 40 \u00b0 C temperat\u016br\u0101. <\/p>\n<p> *Red dot:\u00a0pie\u0161\u0137irta Red Dot dizaina balva par koncepciju un dizainu. <\/p>\n<p> *Connect &#038; Play:\u00a0vis\u0101s kast\u0113s ir unik\u0101lais savienot\u0101js, kas \u013cauj savienot BAKOBA ar citiem labi zin\u0101miem celtniec\u012bbas\u00a0deta\u013c\u0101m. <\/p>\n<p> *Trok\u0161\u0146ains un dro\u0161s:\u00a0m\u012bksts, iztur\u012bgs un trok\u0161\u0146ains materi\u0101ls, kas nodro\u0161ina dro\u0161u sp\u0113les vidi. <\/p>\n<p> *Ilgtsp\u0113ja:\u00a0r\u016bp\u012bgi atlas\u012bti materi\u0101li, kas ir piln\u012bb\u0101 p\u0101rstr\u0101d\u0101jami.<\/p>\n","protected":false},"excerpt":{"rendered":"<p>IMAGIMALS 3 IN 1 Deta\u013cas:\u00a010 *STEM:\u00a0BAKOBA ir sertific\u0113ta STEM k\u0101 izgl\u012btojo\u0161a rota\u013clieta, kas uzlabo b\u0113rnu kust\u012bbas un rado\u0161umu. *Uztur\u0113t t\u012bru:\u00a0sp\u0113l\u0113jiet \u016bden\u012b un mazg\u0101jiet 40 \u00b0 C temperat\u016br\u0101. *Red dot:\u00a0pie\u0161\u0137irta Red Dot dizaina balva par koncepciju un dizainu. *Connect &#038; Play:\u00a0vis\u0101s kast\u0113s ir unik\u0101lais savienot\u0101js, kas \u013cauj savienot BAKOBA ar citiem labi zin\u0101miem celtniec\u012bbas\u00a0deta\u013c\u0101m. *Trok\u0161\u0146ains un [&hellip;]<\/p>\n","protected":false},"featured_media":8778,"comment_status":"open","ping_status":"closed","template":"","meta":[],"product_brand":[],"product_cat":[91],"product_tag":[],"class_list":{"0":"post-8770","1":"product","2":"type-product","3":"status-publish","4":"has-post-thumbnail","6":"product_cat-19-bakoba-konstruktori","8":"first","9":"outofstock","10":"taxable","11":"shipping-taxable","12":"product-type-simple"},"yoast_head":"<!-- This site is optimized with the Yoast SEO plugin v27.4 - https:\/\/yoast.com\/product\/yoast-seo-wordpress\/ -->\n<title>Konstruktors BAKOBA IMAGIMALS PENG-WHAL - \u0414\u0435\u0442\u0441\u043a\u0438\u0439 \u043c\u0438\u0440 \u0432 \u0420\u0438\u0433\u0435 - \u0434\u0435\u0442\u0441\u043a\u0438\u0439 \u0438\u043d\u0442\u0435\u0440\u043d\u0435\u0442 \u043c\u0430\u0433\u0430\u0437\u0438\u043d \u0432 \u041b\u0430\u0442\u0432\u0438\u0438<\/title>\n<meta name=\"robots\" content=\"index, follow, max-snippet:-1, max-image-preview:large, max-video-preview:-1\" \/>\n<link rel=\"canonical\" href=\"https:\/\/detskijmir.lv\/lv\/product\/konstruktors-bakoba-imagimals-peng-whal\/\" \/>\n<meta property=\"og:locale\" content=\"lv_LV\" \/>\n<meta property=\"og:type\" content=\"article\" \/>\n<meta property=\"og:title\" content=\"Konstruktors BAKOBA IMAGIMALS PENG-WHAL - \u0414\u0435\u0442\u0441\u043a\u0438\u0439 \u043c\u0438\u0440 \u0432 \u0420\u0438\u0433\u0435 - \u0434\u0435\u0442\u0441\u043a\u0438\u0439 \u0438\u043d\u0442\u0435\u0440\u043d\u0435\u0442 \u043c\u0430\u0433\u0430\u0437\u0438\u043d \u0432 \u041b\u0430\u0442\u0432\u0438\u0438\" \/>\n<meta property=\"og:description\" content=\"IMAGIMALS 3 IN 1 Deta\u013cas:\u00a010 *STEM:\u00a0BAKOBA ir sertific\u0113ta STEM k\u0101 izgl\u012btojo\u0161a rota\u013clieta, kas uzlabo b\u0113rnu kust\u012bbas un rado\u0161umu. *Uztur\u0113t t\u012bru:\u00a0sp\u0113l\u0113jiet \u016bden\u012b un mazg\u0101jiet 40 \u00b0 C temperat\u016br\u0101. *Red dot:\u00a0pie\u0161\u0137irta Red Dot dizaina balva par koncepciju un dizainu. *Connect &amp; Play:\u00a0vis\u0101s kast\u0113s ir unik\u0101lais savienot\u0101js, kas \u013cauj savienot BAKOBA ar citiem labi zin\u0101miem celtniec\u012bbas\u00a0deta\u013c\u0101m. *Trok\u0161\u0146ains un [&hellip;]\" \/>\n<meta property=\"og:url\" content=\"https:\/\/detskijmir.lv\/lv\/product\/konstruktors-bakoba-imagimals-peng-whal\/\" \/>\n<meta property=\"og:site_name\" content=\"\u0414\u0435\u0442\u0441\u043a\u0438\u0439 \u043c\u0438\u0440 \u0432 \u0420\u0438\u0433\u0435 - \u0434\u0435\u0442\u0441\u043a\u0438\u0439 \u0438\u043d\u0442\u0435\u0440\u043d\u0435\u0442 \u043c\u0430\u0433\u0430\u0437\u0438\u043d \u0432 \u041b\u0430\u0442\u0432\u0438\u0438\" \/>\n<meta property=\"article:publisher\" content=\"https:\/\/www.facebook.com\/gultas.masinas\" \/>\n<meta property=\"article:modified_time\" content=\"2025-06-01T23:35:01+00:00\" \/>\n<meta property=\"og:image\" content=\"https:\/\/detskijmir.lv\/wp-content\/uploads\/2021\/09\/2653-1.jpg\" \/>\n\t<meta property=\"og:image:width\" content=\"1536\" \/>\n\t<meta property=\"og:image:height\" content=\"1536\" \/>\n\t<meta property=\"og:image:type\" content=\"image\/jpeg\" \/>\n<meta name=\"twitter:card\" content=\"summary_large_image\" \/>\n<meta name=\"twitter:label1\" content=\"Est. reading time\" \/>\n\t<meta name=\"twitter:data1\" content=\"1 min\u016bte\" \/>\n<script type=\"application\/ld+json\" class=\"yoast-schema-graph\">{\"@context\":\"https:\\\/\\\/schema.org\",\"@graph\":[{\"@type\":\"WebPage\",\"@id\":\"https:\\\/\\\/detskijmir.lv\\\/lv\\\/product\\\/konstruktors-bakoba-imagimals-peng-whal\\\/\",\"url\":\"https:\\\/\\\/detskijmir.lv\\\/lv\\\/product\\\/konstruktors-bakoba-imagimals-peng-whal\\\/\",\"name\":\"Konstruktors BAKOBA IMAGIMALS PENG-WHAL - \u0414\u0435\u0442\u0441\u043a\u0438\u0439 \u043c\u0438\u0440 \u0432 \u0420\u0438\u0433\u0435 - \u0434\u0435\u0442\u0441\u043a\u0438\u0439 \u0438\u043d\u0442\u0435\u0440\u043d\u0435\u0442 \u043c\u0430\u0433\u0430\u0437\u0438\u043d \u0432 \u041b\u0430\u0442\u0432\u0438\u0438\",\"isPartOf\":{\"@id\":\"https:\\\/\\\/detskijmir.lv\\\/#website\"},\"primaryImageOfPage\":{\"@id\":\"https:\\\/\\\/detskijmir.lv\\\/lv\\\/product\\\/konstruktors-bakoba-imagimals-peng-whal\\\/#primaryimage\"},\"image\":{\"@id\":\"https:\\\/\\\/detskijmir.lv\\\/lv\\\/product\\\/konstruktors-bakoba-imagimals-peng-whal\\\/#primaryimage\"},\"thumbnailUrl\":\"https:\\\/\\\/detskijmir.lv\\\/wp-content\\\/uploads\\\/2021\\\/09\\\/2653-1.jpg\",\"datePublished\":\"2021-09-21T09:50:06+00:00\",\"dateModified\":\"2025-06-01T23:35:01+00:00\",\"breadcrumb\":{\"@id\":\"https:\\\/\\\/detskijmir.lv\\\/lv\\\/product\\\/konstruktors-bakoba-imagimals-peng-whal\\\/#breadcrumb\"},\"inLanguage\":\"LV\",\"potentialAction\":[{\"@type\":\"ReadAction\",\"target\":[\"https:\\\/\\\/detskijmir.lv\\\/lv\\\/product\\\/konstruktors-bakoba-imagimals-peng-whal\\\/\"]}]},{\"@type\":\"ImageObject\",\"inLanguage\":\"LV\",\"@id\":\"https:\\\/\\\/detskijmir.lv\\\/lv\\\/product\\\/konstruktors-bakoba-imagimals-peng-whal\\\/#primaryimage\",\"url\":\"https:\\\/\\\/detskijmir.lv\\\/wp-content\\\/uploads\\\/2021\\\/09\\\/2653-1.jpg\",\"contentUrl\":\"https:\\\/\\\/detskijmir.lv\\\/wp-content\\\/uploads\\\/2021\\\/09\\\/2653-1.jpg\",\"width\":1536,\"height\":1536},{\"@type\":\"BreadcrumbList\",\"@id\":\"https:\\\/\\\/detskijmir.lv\\\/lv\\\/product\\\/konstruktors-bakoba-imagimals-peng-whal\\\/#breadcrumb\",\"itemListElement\":[{\"@type\":\"ListItem\",\"position\":1,\"name\":\"\u0413\u043b\u0430\u0432\u043d\u0430\u044f \u0441\u0442\u0440\u0430\u043d\u0438\u0446\u0430\",\"item\":\"https:\\\/\\\/detskijmir.lv\\\/\"},{\"@type\":\"ListItem\",\"position\":2,\"name\":\"\u0414\u0435\u0442\u0441\u043a\u0438\u0439 \u0438\u043d\u0442\u0435\u0440\u043d\u0435\u0442 &#8212; \u043c\u0430\u0433\u0430\u0437\u0438\u043d\",\"item\":\"https:\\\/\\\/detskijmir.lv\\\/\"},{\"@type\":\"ListItem\",\"position\":3,\"name\":\"Konstruktors BAKOBA IMAGIMALS PENG-WHAL\"}]},{\"@type\":\"WebSite\",\"@id\":\"https:\\\/\\\/detskijmir.lv\\\/#website\",\"url\":\"https:\\\/\\\/detskijmir.lv\\\/\",\"name\":\"\u0414\u0435\u0442\u0441\u043a\u0438\u0439 \u043c\u0438\u0440 \u0432 \u0420\u0438\u0433\u0435 - \u0434\u0435\u0442\u0441\u043a\u0438\u0439 \u0438\u043d\u0442\u0435\u0440\u043d\u0435\u0442 \u043c\u0430\u0433\u0430\u0437\u0438\u043d \u0432 \u041b\u0430\u0442\u0432\u0438\u0438\",\"description\":\"\u0414\u0435\u0442\u0441\u043a\u0438\u0439 \u0438\u043d\u0442\u0435\u0440\u043d\u0435\u0442 \u0432 \u041b\u0430\u0442\u0432\u0438\u0438 - \u043c\u0430\u0433\u0430\u0437\u0438\u043d &quot;\u0414\u0435\u0442\u0441\u043a\u0438\u0439 \u043c\u0438\u0440&quot;\u0432 \u0420\u0438\u0433\u0435\",\"publisher\":{\"@id\":\"https:\\\/\\\/detskijmir.lv\\\/#organization\"},\"potentialAction\":[{\"@type\":\"SearchAction\",\"target\":{\"@type\":\"EntryPoint\",\"urlTemplate\":\"https:\\\/\\\/detskijmir.lv\\\/?s={search_term_string}\"},\"query-input\":{\"@type\":\"PropertyValueSpecification\",\"valueRequired\":true,\"valueName\":\"search_term_string\"}}],\"inLanguage\":\"LV\"},{\"@type\":\"Organization\",\"@id\":\"https:\\\/\\\/detskijmir.lv\\\/#organization\",\"name\":\"Ik\\\"Holidaysgroup\\\"\",\"url\":\"https:\\\/\\\/detskijmir.lv\\\/\",\"logo\":{\"@type\":\"ImageObject\",\"inLanguage\":\"LV\",\"@id\":\"https:\\\/\\\/detskijmir.lv\\\/#\\\/schema\\\/logo\\\/image\\\/\",\"url\":\"https:\\\/\\\/detskijmir.lv\\\/wp-content\\\/uploads\\\/2020\\\/10\\\/bed-cars.png\",\"contentUrl\":\"https:\\\/\\\/detskijmir.lv\\\/wp-content\\\/uploads\\\/2020\\\/10\\\/bed-cars.png\",\"width\":520,\"height\":550,\"caption\":\"Ik\\\"Holidaysgroup\\\"\"},\"image\":{\"@id\":\"https:\\\/\\\/detskijmir.lv\\\/#\\\/schema\\\/logo\\\/image\\\/\"},\"sameAs\":[\"https:\\\/\\\/www.facebook.com\\\/gultas.masinas\"]}]}<\/script>\n<!-- \/ Yoast SEO plugin. -->","yoast_head_json":{"title":"Konstruktors BAKOBA IMAGIMALS PENG-WHAL - \u0414\u0435\u0442\u0441\u043a\u0438\u0439 \u043c\u0438\u0440 \u0432 \u0420\u0438\u0433\u0435 - \u0434\u0435\u0442\u0441\u043a\u0438\u0439 \u0438\u043d\u0442\u0435\u0440\u043d\u0435\u0442 \u043c\u0430\u0433\u0430\u0437\u0438\u043d \u0432 \u041b\u0430\u0442\u0432\u0438\u0438","robots":{"index":"index","follow":"follow","max-snippet":"max-snippet:-1","max-image-preview":"max-image-preview:large","max-video-preview":"max-video-preview:-1"},"canonical":"https:\/\/detskijmir.lv\/lv\/product\/konstruktors-bakoba-imagimals-peng-whal\/","og_locale":"lv_LV","og_type":"article","og_title":"Konstruktors BAKOBA IMAGIMALS PENG-WHAL - \u0414\u0435\u0442\u0441\u043a\u0438\u0439 \u043c\u0438\u0440 \u0432 \u0420\u0438\u0433\u0435 - \u0434\u0435\u0442\u0441\u043a\u0438\u0439 \u0438\u043d\u0442\u0435\u0440\u043d\u0435\u0442 \u043c\u0430\u0433\u0430\u0437\u0438\u043d \u0432 \u041b\u0430\u0442\u0432\u0438\u0438","og_description":"IMAGIMALS 3 IN 1 Deta\u013cas:\u00a010 *STEM:\u00a0BAKOBA ir sertific\u0113ta STEM k\u0101 izgl\u012btojo\u0161a rota\u013clieta, kas uzlabo b\u0113rnu kust\u012bbas un rado\u0161umu. *Uztur\u0113t t\u012bru:\u00a0sp\u0113l\u0113jiet \u016bden\u012b un mazg\u0101jiet 40 \u00b0 C temperat\u016br\u0101. *Red dot:\u00a0pie\u0161\u0137irta Red Dot dizaina balva par koncepciju un dizainu. *Connect &#038; Play:\u00a0vis\u0101s kast\u0113s ir unik\u0101lais savienot\u0101js, kas \u013cauj savienot BAKOBA ar citiem labi zin\u0101miem celtniec\u012bbas\u00a0deta\u013c\u0101m. *Trok\u0161\u0146ains un [&hellip;]","og_url":"https:\/\/detskijmir.lv\/lv\/product\/konstruktors-bakoba-imagimals-peng-whal\/","og_site_name":"\u0414\u0435\u0442\u0441\u043a\u0438\u0439 \u043c\u0438\u0440 \u0432 \u0420\u0438\u0433\u0435 - \u0434\u0435\u0442\u0441\u043a\u0438\u0439 \u0438\u043d\u0442\u0435\u0440\u043d\u0435\u0442 \u043c\u0430\u0433\u0430\u0437\u0438\u043d \u0432 \u041b\u0430\u0442\u0432\u0438\u0438","article_publisher":"https:\/\/www.facebook.com\/gultas.masinas","article_modified_time":"2025-06-01T23:35:01+00:00","og_image":[{"width":1536,"height":1536,"url":"https:\/\/detskijmir.lv\/wp-content\/uploads\/2021\/09\/2653-1.jpg","type":"image\/jpeg"}],"twitter_card":"summary_large_image","twitter_misc":{"Est. reading time":"1 min\u016bte"},"schema":{"@context":"https:\/\/schema.org","@graph":[{"@type":"WebPage","@id":"https:\/\/detskijmir.lv\/lv\/product\/konstruktors-bakoba-imagimals-peng-whal\/","url":"https:\/\/detskijmir.lv\/lv\/product\/konstruktors-bakoba-imagimals-peng-whal\/","name":"Konstruktors BAKOBA IMAGIMALS PENG-WHAL - \u0414\u0435\u0442\u0441\u043a\u0438\u0439 \u043c\u0438\u0440 \u0432 \u0420\u0438\u0433\u0435 - \u0434\u0435\u0442\u0441\u043a\u0438\u0439 \u0438\u043d\u0442\u0435\u0440\u043d\u0435\u0442 \u043c\u0430\u0433\u0430\u0437\u0438\u043d \u0432 \u041b\u0430\u0442\u0432\u0438\u0438","isPartOf":{"@id":"https:\/\/detskijmir.lv\/#website"},"primaryImageOfPage":{"@id":"https:\/\/detskijmir.lv\/lv\/product\/konstruktors-bakoba-imagimals-peng-whal\/#primaryimage"},"image":{"@id":"https:\/\/detskijmir.lv\/lv\/product\/konstruktors-bakoba-imagimals-peng-whal\/#primaryimage"},"thumbnailUrl":"https:\/\/detskijmir.lv\/wp-content\/uploads\/2021\/09\/2653-1.jpg","datePublished":"2021-09-21T09:50:06+00:00","dateModified":"2025-06-01T23:35:01+00:00","breadcrumb":{"@id":"https:\/\/detskijmir.lv\/lv\/product\/konstruktors-bakoba-imagimals-peng-whal\/#breadcrumb"},"inLanguage":"LV","potentialAction":[{"@type":"ReadAction","target":["https:\/\/detskijmir.lv\/lv\/product\/konstruktors-bakoba-imagimals-peng-whal\/"]}]},{"@type":"ImageObject","inLanguage":"LV","@id":"https:\/\/detskijmir.lv\/lv\/product\/konstruktors-bakoba-imagimals-peng-whal\/#primaryimage","url":"https:\/\/detskijmir.lv\/wp-content\/uploads\/2021\/09\/2653-1.jpg","contentUrl":"https:\/\/detskijmir.lv\/wp-content\/uploads\/2021\/09\/2653-1.jpg","width":1536,"height":1536},{"@type":"BreadcrumbList","@id":"https:\/\/detskijmir.lv\/lv\/product\/konstruktors-bakoba-imagimals-peng-whal\/#breadcrumb","itemListElement":[{"@type":"ListItem","position":1,"name":"\u0413\u043b\u0430\u0432\u043d\u0430\u044f \u0441\u0442\u0440\u0430\u043d\u0438\u0446\u0430","item":"https:\/\/detskijmir.lv\/"},{"@type":"ListItem","position":2,"name":"\u0414\u0435\u0442\u0441\u043a\u0438\u0439 \u0438\u043d\u0442\u0435\u0440\u043d\u0435\u0442 &#8212; \u043c\u0430\u0433\u0430\u0437\u0438\u043d","item":"https:\/\/detskijmir.lv\/"},{"@type":"ListItem","position":3,"name":"Konstruktors BAKOBA IMAGIMALS PENG-WHAL"}]},{"@type":"WebSite","@id":"https:\/\/detskijmir.lv\/#website","url":"https:\/\/detskijmir.lv\/","name":"\u0414\u0435\u0442\u0441\u043a\u0438\u0439 \u043c\u0438\u0440 \u0432 \u0420\u0438\u0433\u0435 - \u0434\u0435\u0442\u0441\u043a\u0438\u0439 \u0438\u043d\u0442\u0435\u0440\u043d\u0435\u0442 \u043c\u0430\u0433\u0430\u0437\u0438\u043d \u0432 \u041b\u0430\u0442\u0432\u0438\u0438","description":"\u0414\u0435\u0442\u0441\u043a\u0438\u0439 \u0438\u043d\u0442\u0435\u0440\u043d\u0435\u0442 \u0432 \u041b\u0430\u0442\u0432\u0438\u0438 - \u043c\u0430\u0433\u0430\u0437\u0438\u043d &quot;\u0414\u0435\u0442\u0441\u043a\u0438\u0439 \u043c\u0438\u0440&quot;\u0432 \u0420\u0438\u0433\u0435","publisher":{"@id":"https:\/\/detskijmir.lv\/#organization"},"potentialAction":[{"@type":"SearchAction","target":{"@type":"EntryPoint","urlTemplate":"https:\/\/detskijmir.lv\/?s={search_term_string}"},"query-input":{"@type":"PropertyValueSpecification","valueRequired":true,"valueName":"search_term_string"}}],"inLanguage":"LV"},{"@type":"Organization","@id":"https:\/\/detskijmir.lv\/#organization","name":"Ik\"Holidaysgroup\"","url":"https:\/\/detskijmir.lv\/","logo":{"@type":"ImageObject","inLanguage":"LV","@id":"https:\/\/detskijmir.lv\/#\/schema\/logo\/image\/","url":"https:\/\/detskijmir.lv\/wp-content\/uploads\/2020\/10\/bed-cars.png","contentUrl":"https:\/\/detskijmir.lv\/wp-content\/uploads\/2020\/10\/bed-cars.png","width":520,"height":550,"caption":"Ik\"Holidaysgroup\""},"image":{"@id":"https:\/\/detskijmir.lv\/#\/schema\/logo\/image\/"},"sameAs":["https:\/\/www.facebook.com\/gultas.masinas"]}]}},"_links":{"self":[{"href":"https:\/\/detskijmir.lv\/lv\/wp-json\/wp\/v2\/product\/8770","targetHints":{"allow":["GET"]}}],"collection":[{"href":"https:\/\/detskijmir.lv\/lv\/wp-json\/wp\/v2\/product"}],"about":[{"href":"https:\/\/detskijmir.lv\/lv\/wp-json\/wp\/v2\/types\/product"}],"replies":[{"embeddable":true,"href":"https:\/\/detskijmir.lv\/lv\/wp-json\/wp\/v2\/comments?post=8770"}],"wp:featuredmedia":[{"embeddable":true,"href":"https:\/\/detskijmir.lv\/lv\/wp-json\/wp\/v2\/media\/8778"}],"wp:attachment":[{"href":"https:\/\/detskijmir.lv\/lv\/wp-json\/wp\/v2\/media?parent=8770"}],"wp:term":[{"taxonomy":"product_brand","embeddable":true,"href":"https:\/\/detskijmir.lv\/lv\/wp-json\/wp\/v2\/product_brand?post=8770"},{"taxonomy":"product_cat","embeddable":true,"href":"https:\/\/detskijmir.lv\/lv\/wp-json\/wp\/v2\/product_cat?post=8770"},{"taxonomy":"product_tag","embeddable":true,"href":"https:\/\/detskijmir.lv\/lv\/wp-json\/wp\/v2\/product_tag?post=8770"}],"curies":[{"name":"wp","href":"https:\/\/api.w.org\/{rel}","templated":true}]}}